{"id":29105,"date":"2023-01-26T17:21:36","date_gmt":"2023-01-26T16:21:36","guid":{"rendered":"https:\/\/emsge.ch\/?page_id=29105"},"modified":"2023-02-13T15:23:58","modified_gmt":"2023-02-13T14:23:58","slug":"violoncelle","status":"publish","type":"page","link":"https:\/\/emsge.ch\/en\/violoncelle\/","title":{"rendered":"Cello"},"content":{"rendered":"<div data-elementor-type=\"wp-post\" data-elementor-id=\"29105\" class=\"elementor elementor-29105\" data-elementor-post-type=\"page\">\n\t\t\t\t\t\t<section class=\"elementor-section elementor-top-section elementor-element elementor-element-18bde71 elementor-section-boxed elementor-section-height-default elementor-section-height-default\" data-id=\"18bde71\" data-element_type=\"section\" data-settings=\"{&quot;background_background&quot;:&quot;classic&quot;}\">\n\t\t\t\t\t\t<div class=\"elementor-container elementor-column-gap-no\">\n\t\t\t\t\t<div class=\"elementor-column elementor-col-50 elementor-top-column elementor-element elementor-element-39fc9d3\" data-id=\"39fc9d3\" data-element_type=\"column\" data-settings=\"{&quot;background_background&quot;:&quot;classic&quot;,&quot;background_motion_fx_motion_fx_scrolling&quot;:&quot;yes&quot;,&quot;background_motion_fx_translateY_effect&quot;:&quot;yes&quot;,&quot;background_motion_fx_translateY_speed&quot;:{&quot;unit&quot;:&quot;px&quot;,&quot;size&quot;:2,&quot;sizes&quot;:[]},&quot;background_motion_fx_translateY_affectedRange&quot;:{&quot;unit&quot;:&quot;%&quot;,&quot;size&quot;:&quot;&quot;,&quot;sizes&quot;:{&quot;start&quot;:0,&quot;end&quot;:100}},&quot;background_motion_fx_devices&quot;:[&quot;desktop&quot;,&quot;tablet&quot;,&quot;mobile_extra&quot;,&quot;mobile&quot;]}\">\n\t\t\t<div class=\"elementor-widget-wrap elementor-element-populated\">\n\t\t\t\t\t\t<div class=\"elementor-element elementor-element-2d62c81 elementor-widget elementor-widget-spacer\" data-id=\"2d62c81\" data-element_type=\"widget\" data-widget_type=\"spacer.default\">\n\t\t\t\t<div class=\"elementor-widget-container\">\n\t\t\t\t\t\t\t<div class=\"elementor-spacer\">\n\t\t\t<div class=\"elementor-spacer-inner\"><\/div>\n\t\t<\/div>\n\t\t\t\t\t\t<\/div>\n\t\t\t\t<\/div>\n\t\t\t\t\t<\/div>\n\t\t<\/div>\n\t\t\t\t<div class=\"elementor-column elementor-col-50 elementor-top-column elementor-element elementor-element-28c72e7\" data-id=\"28c72e7\" data-element_type=\"column\">\n\t\t\t<div class=\"elementor-widget-wrap elementor-element-populated\">\n\t\t\t\t\t\t<div class=\"elementor-element elementor-element-7c007cf elementor-widget elementor-widget-heading\" data-id=\"7c007cf\" data-element_type=\"widget\" data-settings=\"{&quot;_animation&quot;:&quot;none&quot;}\" data-widget_type=\"heading.default\">\n\t\t\t\t<div class=\"elementor-widget-container\">\n\t\t\t\t\t<h2 class=\"elementor-heading-title elementor-size-default\">PROFESSOR OF<\/h2>\t\t\t\t<\/div>\n\t\t\t\t<\/div>\n\t\t\t\t<div class=\"elementor-element elementor-element-ab5a189 elementor-widget elementor-widget-image\" data-id=\"ab5a189\" data-element_type=\"widget\" data-widget_type=\"image.default\">\n\t\t\t\t<div class=\"elementor-widget-container\">\n\t\t\t\t\t\t\t\t\t\t\t\t\t\t\t<img fetchpriority=\"high\" decoding=\"async\" width=\"500\" height=\"121\" src=\"https:\/\/emsge.ch\/wp-content\/uploads\/2023\/02\/Cello-professor.svg\" class=\"attachment-full size-full wp-image-29619\" alt=\"\" \/>\t\t\t\t\t\t\t\t\t\t\t\t\t\t\t<\/div>\n\t\t\t\t<\/div>\n\t\t\t\t<section class=\"elementor-section elementor-inner-section elementor-element elementor-element-dea0d20 elementor-section-boxed elementor-section-height-default elementor-section-height-default\" data-id=\"dea0d20\" data-element_type=\"section\">\n\t\t\t\t\t\t<div class=\"elementor-container elementor-column-gap-no\">\n\t\t\t\t\t<div class=\"elementor-column elementor-col-50 elementor-inner-column elementor-element elementor-element-3bdf0e8\" data-id=\"3bdf0e8\" data-element_type=\"column\">\n\t\t\t<div class=\"elementor-widget-wrap elementor-element-populated\">\n\t\t\t\t\t\t<div class=\"elementor-element elementor-element-f66f5c9 elementor-widget elementor-widget-heading\" data-id=\"f66f5c9\" data-element_type=\"widget\" data-widget_type=\"heading.default\">\n\t\t\t\t<div class=\"elementor-widget-container\">\n\t\t\t\t\t<h2 class=\"elementor-heading-title elementor-size-default\">Mario CASTA\u00d1EDA<\/h2>\t\t\t\t<\/div>\n\t\t\t\t<\/div>\n\t\t\t\t<div class=\"elementor-element elementor-element-5a78a37 elementor-widget elementor-widget-heading\" data-id=\"5a78a37\" data-element_type=\"widget\" data-widget_type=\"heading.default\">\n\t\t\t\t<div class=\"elementor-widget-container\">\n\t\t\t\t\t<h2 class=\"elementor-heading-title elementor-size-default\">Mario Casta\u00f1eda arrived in Switzerland in 2001, after successfully completing a Bachelor's degree in the Music program at UDLA-P (Universidad de Las Americas, Pueblo, Mexico). He entered the Tibor Varga academy of Sion, in 2010, in Marcio Carneiro and Susan Rybicki-Varga's class. He obtained his Teaching Diploma in 2007.<\/h2>\t\t\t\t<\/div>\n\t\t\t\t<\/div>\n\t\t\t\t\t<\/div>\n\t\t<\/div>\n\t\t\t\t<div class=\"elementor-column elementor-col-50 elementor-inner-column elementor-element elementor-element-5a05087\" data-id=\"5a05087\" data-element_type=\"column\">\n\t\t\t<div class=\"elementor-widget-wrap\">\n\t\t\t\t\t\t\t<\/div>\n\t\t<\/div>\n\t\t\t\t\t<\/div>\n\t\t<\/section>\n\t\t\t\t<section class=\"elementor-section elementor-inner-section elementor-element elementor-element-37455a6 elementor-section-boxed elementor-section-height-default elementor-section-height-default\" data-id=\"37455a6\" data-element_type=\"section\">\n\t\t\t\t\t\t<div class=\"elementor-container elementor-column-gap-default\">\n\t\t\t\t\t<div class=\"elementor-column elementor-col-50 elementor-inner-column elementor-element elementor-element-0ff446c\" data-id=\"0ff446c\" data-element_type=\"column\">\n\t\t\t<div class=\"elementor-widget-wrap\">\n\t\t\t\t\t\t\t<\/div>\n\t\t<\/div>\n\t\t\t\t<div class=\"elementor-column elementor-col-50 elementor-inner-column elementor-element elementor-element-bf24e70\" data-id=\"bf24e70\" data-element_type=\"column\">\n\t\t\t<div class=\"elementor-widget-wrap elementor-element-populated\">\n\t\t\t\t\t\t<div class=\"elementor-element elementor-element-1bc883b elementor-widget elementor-widget-heading\" data-id=\"1bc883b\" data-element_type=\"widget\" data-widget_type=\"heading.default\">\n\t\t\t\t<div class=\"elementor-widget-container\">\n\t\t\t\t\t<h2 class=\"elementor-heading-title elementor-size-default\">He studied at the University of Music in Lucerne in the class of Marek Jarie, and, in 2010, earned his CAS. In parallel with his studies, Mario Casta\u00f1eda perfected himself under the influence of great masters such as Thomas Demenga, Frans Helmerson, G\u00e0bor Takacs Nagy, etc.<\/h2>\t\t\t\t<\/div>\n\t\t\t\t<\/div>\n\t\t\t\t<div class=\"elementor-element elementor-element-21ef39a elementor-widget elementor-widget-heading\" data-id=\"21ef39a\" data-element_type=\"widget\" data-widget_type=\"heading.default\">\n\t\t\t\t<div class=\"elementor-widget-container\">\n\t\t\t\t\t<h2 class=\"elementor-heading-title elementor-size-default translation-block\">Il se produit r\u00e9guli\u00e8rement en Suisse et au Mexique, principalement en duo violoncelle-piano. Il commence \u00e0 se former \u00e0 la p\u00e9dagogie Suzuki au sein de l'Institut Suzuki de Lyon en 2008. Durant les 4 ann\u00e9es qui suivent, il y obtient successivement quatre niveaux.\r\n<a href=\"https:\/\/www.europeansuzuki.org\/instruments\/instrument\/show\/17\/violoncello\" target=\"_self\"> www.europeansuzuki.org <\/a><\/h2>\t\t\t\t<\/div>\n\t\t\t\t<\/div>\n\t\t\t\t<div class=\"elementor-element elementor-element-9fc8218 elementor-widget elementor-widget-heading\" data-id=\"9fc8218\" data-element_type=\"widget\" data-widget_type=\"heading.default\">\n\t\t\t\t<div class=\"elementor-widget-container\">\n\t\t\t\t\t<h2 class=\"elementor-heading-title elementor-size-default\">He started a violoncello class using this method in 2010, and founded the association in favor of the Suzuki Music School Geneva in 2015.<\/h2>\t\t\t\t<\/div>\n\t\t\t\t<\/div>\n\t\t\t\t\t<\/div>\n\t\t<\/div>\n\t\t\t\t\t<\/div>\n\t\t<\/section>\n\t\t\t\t\t<\/div>\n\t\t<\/div>\n\t\t\t\t\t<\/div>\n\t\t<\/section>\n\t\t\t\t<section class=\"elementor-section elementor-top-section elementor-element elementor-element-a6a5b50 elementor-section-boxed elementor-section-height-default elementor-section-height-default\" data-id=\"a6a5b50\" data-element_type=\"section\" data-settings=\"{&quot;background_background&quot;:&quot;classic&quot;}\">\n\t\t\t\t\t\t<div class=\"elementor-container elementor-column-gap-no\">\n\t\t\t\t\t<div class=\"elementor-column elementor-col-33 elementor-top-column elementor-element elementor-element-9a84b9c\" data-id=\"9a84b9c\" data-element_type=\"column\" data-settings=\"{&quot;background_background&quot;:&quot;classic&quot;}\">\n\t\t\t<div class=\"elementor-widget-wrap elementor-element-populated\">\n\t\t\t\t\t\t<div class=\"elementor-element elementor-element-a661793 elementor-view-default elementor-widget elementor-widget-icon\" data-id=\"a661793\" data-element_type=\"widget\" data-widget_type=\"icon.default\">\n\t\t\t\t<div class=\"elementor-widget-container\">\n\t\t\t\t\t\t\t<div class=\"elementor-icon-wrapper\">\n\t\t\t<div class=\"elementor-icon\">\n\t\t\t<i aria-hidden=\"true\" class=\"fas fa-circle\"><\/i>\t\t\t<\/div>\n\t\t<\/div>\n\t\t\t\t\t\t<\/div>\n\t\t\t\t<\/div>\n\t\t\t\t<div class=\"elementor-element elementor-element-27d8323 elementor-widget elementor-widget-heading\" data-id=\"27d8323\" data-element_type=\"widget\" data-widget_type=\"heading.default\">\n\t\t\t\t<div class=\"elementor-widget-container\">\n\t\t\t\t\t<h2 class=\"elementor-heading-title elementor-size-default\">lessons<\/h2>\t\t\t\t<\/div>\n\t\t\t\t<\/div>\n\t\t\t\t<div class=\"elementor-element elementor-element-b2aa81b elementor-align-center elementor-widget elementor-widget-button\" data-id=\"b2aa81b\" data-element_type=\"widget\" data-widget_type=\"button.default\">\n\t\t\t\t<div class=\"elementor-widget-container\">\n\t\t\t\t\t\t\t\t\t<div class=\"elementor-button-wrapper\">\n\t\t\t\t\t<a class=\"elementor-button elementor-button-link elementor-size-sm\" href=\"https:\/\/emsge.ch\/en\/#les-cours\">\n\t\t\t\t\t\t<span class=\"elementor-button-content-wrapper\">\n\t\t\t\t\t\t\t\t\t<span class=\"elementor-button-text\">See more<\/span>\n\t\t\t\t\t<\/span>\n\t\t\t\t\t<\/a>\n\t\t\t\t<\/div>\n\t\t\t\t\t\t\t\t<\/div>\n\t\t\t\t<\/div>\n\t\t\t\t\t<\/div>\n\t\t<\/div>\n\t\t\t\t<div class=\"elementor-column elementor-col-33 elementor-top-column elementor-element elementor-element-d93e876\" data-id=\"d93e876\" data-element_type=\"column\" data-settings=\"{&quot;background_background&quot;:&quot;classic&quot;}\">\n\t\t\t<div class=\"elementor-widget-wrap elementor-element-populated\">\n\t\t\t\t\t\t<div class=\"elementor-element elementor-element-a218000 elementor-view-default elementor-widget elementor-widget-icon\" data-id=\"a218000\" data-element_type=\"widget\" data-widget_type=\"icon.default\">\n\t\t\t\t<div class=\"elementor-widget-container\">\n\t\t\t\t\t\t\t<div class=\"elementor-icon-wrapper\">\n\t\t\t<div class=\"elementor-icon\">\n\t\t\t<i aria-hidden=\"true\" class=\"fas fa-circle\"><\/i>\t\t\t<\/div>\n\t\t<\/div>\n\t\t\t\t\t\t<\/div>\n\t\t\t\t<\/div>\n\t\t\t\t<div class=\"elementor-element elementor-element-2482d6b elementor-widget elementor-widget-heading\" data-id=\"2482d6b\" data-element_type=\"widget\" data-widget_type=\"heading.default\">\n\t\t\t\t<div class=\"elementor-widget-container\">\n\t\t\t\t\t<h2 class=\"elementor-heading-title elementor-size-default\">Contact<\/h2>\t\t\t\t<\/div>\n\t\t\t\t<\/div>\n\t\t\t\t<div class=\"elementor-element elementor-element-24498b4 elementor-widget elementor-widget-heading\" data-id=\"24498b4\" data-element_type=\"widget\" data-widget_type=\"heading.default\">\n\t\t\t\t<div class=\"elementor-widget-container\">\n\t\t\t\t\t<h2 class=\"elementor-heading-title elementor-size-default\"><a href=\"mailto:mario@emsge.ch\"> mario@emsge.ch <\/a><br>\n<a href=\"tel:0788587985\"> +41 (0)78 858 79 85 <\/a>\n<\/h2>\t\t\t\t<\/div>\n\t\t\t\t<\/div>\n\t\t\t\t\t<\/div>\n\t\t<\/div>\n\t\t\t\t<div class=\"elementor-column elementor-col-33 elementor-top-column elementor-element elementor-element-def17bb\" data-id=\"def17bb\" data-element_type=\"column\" data-settings=\"{&quot;background_background&quot;:&quot;classic&quot;}\">\n\t\t\t<div class=\"elementor-widget-wrap elementor-element-populated\">\n\t\t\t\t\t\t<div class=\"elementor-element elementor-element-8041fef elementor-view-default elementor-widget elementor-widget-icon\" data-id=\"8041fef\" data-element_type=\"widget\" data-widget_type=\"icon.default\">\n\t\t\t\t<div class=\"elementor-widget-container\">\n\t\t\t\t\t\t\t<div class=\"elementor-icon-wrapper\">\n\t\t\t<div class=\"elementor-icon\">\n\t\t\t<i aria-hidden=\"true\" class=\"fas fa-circle\"><\/i>\t\t\t<\/div>\n\t\t<\/div>\n\t\t\t\t\t\t<\/div>\n\t\t\t\t<\/div>\n\t\t\t\t<div class=\"elementor-element elementor-element-3789ccd elementor-widget elementor-widget-heading\" data-id=\"3789ccd\" data-element_type=\"widget\" data-widget_type=\"heading.default\">\n\t\t\t\t<div class=\"elementor-widget-container\">\n\t\t\t\t\t<h2 class=\"elementor-heading-title elementor-size-default\">Registration<\/h2>\t\t\t\t<\/div>\n\t\t\t\t<\/div>\n\t\t\t\t<div class=\"elementor-element elementor-element-9526764 elementor-align-center elementor-widget elementor-widget-button\" data-id=\"9526764\" data-element_type=\"widget\" data-widget_type=\"button.default\">\n\t\t\t\t<div class=\"elementor-widget-container\">\n\t\t\t\t\t\t\t\t\t<div class=\"elementor-button-wrapper\">\n\t\t\t\t\t<a class=\"elementor-button elementor-button-link elementor-size-sm\" href=\"https:\/\/emsge.ch\/en\/inscription\/\">\n\t\t\t\t\t\t<span class=\"elementor-button-content-wrapper\">\n\t\t\t\t\t\t\t\t\t<span class=\"elementor-button-text\">Registration form<\/span>\n\t\t\t\t\t<\/span>\n\t\t\t\t\t<\/a>\n\t\t\t\t<\/div>\n\t\t\t\t\t\t\t\t<\/div>\n\t\t\t\t<\/div>\n\t\t\t\t\t<\/div>\n\t\t<\/div>\n\t\t\t\t\t<\/div>\n\t\t<\/section>\n\t\t\t\t<\/div>","protected":false},"excerpt":{"rendered":"<p>Professeur de Mario CASTA\u00d1EDA Mario Casta\u00f1eda arrive en Suisse en 2001, apr\u00e8s avoir brillamment r\u00e9ussi sa licence en musique \u00e0 la UDLA-P (Universidad de las Americas, Puebla, Mexique). Il entre \u00e0 l&rsquo;Acad\u00e9mie Tibor Varga de Sion, dans la classe de Marcio Carneiro et Susan Rybicki-Varga. Il y obtient son Dipl\u00f4me d&rsquo;enseignement en 2007. Il entame [&hellip;]<\/p>","protected":false},"author":1,"featured_media":0,"parent":0,"menu_order":0,"comment_status":"closed","ping_status":"closed","template":"elementor_header_footer","meta":{"footnotes":""},"class_list":["post-29105","page","type-page","status-publish","hentry"],"yoast_head":"<!-- This site is optimized with the Yoast SEO plugin v24.3 - https:\/\/yoast.com\/wordpress\/plugins\/seo\/ -->\n<title>Violoncelle - EMSGE<\/title>\n<meta name=\"robots\" content=\"index, follow, max-snippet:-1, max-image-preview:large, max-video-preview:-1\" \/>\n<link rel=\"canonical\" href=\"https:\/\/emsge.ch\/en\/violoncelle\/\" \/>\n<meta property=\"og:locale\" content=\"en_GB\" \/>\n<meta property=\"og:type\" content=\"article\" \/>\n<meta property=\"og:title\" content=\"Violoncelle - EMSGE\" \/>\n<meta property=\"og:description\" content=\"Professeur de Mario CASTA\u00d1EDA Mario Casta\u00f1eda arrive en Suisse en 2001, apr\u00e8s avoir brillamment r\u00e9ussi sa licence en musique \u00e0 la UDLA-P (Universidad de las Americas, Puebla, Mexique). Il entre \u00e0 l&rsquo;Acad\u00e9mie Tibor Varga de Sion, dans la classe de Marcio Carneiro et Susan Rybicki-Varga. Il y obtient son Dipl\u00f4me d&rsquo;enseignement en 2007. Il entame [&hellip;]\" \/>\n<meta property=\"og:url\" content=\"https:\/\/emsge.ch\/en\/violoncelle\/\" \/>\n<meta property=\"og:site_name\" content=\"EMSGE\" \/>\n<meta property=\"article:publisher\" content=\"https:\/\/www.facebook.com\/emsge17\/\" \/>\n<meta property=\"article:modified_time\" content=\"2023-02-13T14:23:58+00:00\" \/>\n<meta property=\"og:image\" content=\"https:\/\/emsge.ch\/wp-content\/uploads\/2023\/02\/professeur-de-violoncelle.svg\" \/>\n<meta name=\"twitter:card\" content=\"summary_large_image\" \/>\n<meta name=\"twitter:label1\" content=\"Estimated reading time\" \/>\n\t<meta name=\"twitter:data1\" content=\"2 minutes\" \/>\n<script type=\"application\/ld+json\" class=\"yoast-schema-graph\">{\"@context\":\"https:\/\/schema.org\",\"@graph\":[{\"@type\":\"WebPage\",\"@id\":\"https:\/\/emsge.ch\/violoncelle\/\",\"url\":\"https:\/\/emsge.ch\/violoncelle\/\",\"name\":\"Violoncelle - EMSGE\",\"isPartOf\":{\"@id\":\"https:\/\/emsge.ch\/#website\"},\"primaryImageOfPage\":{\"@id\":\"https:\/\/emsge.ch\/violoncelle\/#primaryimage\"},\"image\":{\"@id\":\"https:\/\/emsge.ch\/violoncelle\/#primaryimage\"},\"thumbnailUrl\":\"https:\/\/emsge.ch\/wp-content\/uploads\/2023\/02\/professeur-de-violoncelle.svg\",\"datePublished\":\"2023-01-26T16:21:36+00:00\",\"dateModified\":\"2023-02-13T14:23:58+00:00\",\"breadcrumb\":{\"@id\":\"https:\/\/emsge.ch\/violoncelle\/#breadcrumb\"},\"inLanguage\":\"en-GB\",\"potentialAction\":[{\"@type\":\"ReadAction\",\"target\":[\"https:\/\/emsge.ch\/violoncelle\/\"]}]},{\"@type\":\"ImageObject\",\"inLanguage\":\"en-GB\",\"@id\":\"https:\/\/emsge.ch\/violoncelle\/#primaryimage\",\"url\":\"https:\/\/emsge.ch\/wp-content\/uploads\/2023\/02\/professeur-de-violoncelle.svg\",\"contentUrl\":\"https:\/\/emsge.ch\/wp-content\/uploads\/2023\/02\/professeur-de-violoncelle.svg\"},{\"@type\":\"BreadcrumbList\",\"@id\":\"https:\/\/emsge.ch\/violoncelle\/#breadcrumb\",\"itemListElement\":[{\"@type\":\"ListItem\",\"position\":1,\"name\":\"Accueil\",\"item\":\"https:\/\/emsge.ch\/\"},{\"@type\":\"ListItem\",\"position\":2,\"name\":\"Violoncelle\"}]},{\"@type\":\"WebSite\",\"@id\":\"https:\/\/emsge.ch\/#website\",\"url\":\"https:\/\/emsge.ch\/\",\"name\":\"EMSGE - \u00c9cole de Musique Suzuki\",\"description\":\"\u00c9cole de musique Suzuki Gen\u00e8ve\",\"publisher\":{\"@id\":\"https:\/\/emsge.ch\/#organization\"},\"alternateName\":\"EMSGE\",\"potentialAction\":[{\"@type\":\"SearchAction\",\"target\":{\"@type\":\"EntryPoint\",\"urlTemplate\":\"https:\/\/emsge.ch\/?s={search_term_string}\"},\"query-input\":{\"@type\":\"PropertyValueSpecification\",\"valueRequired\":true,\"valueName\":\"search_term_string\"}}],\"inLanguage\":\"en-GB\"},{\"@type\":\"Organization\",\"@id\":\"https:\/\/emsge.ch\/#organization\",\"name\":\"EMSGE - \u00c9cole de Musique Suzuki\",\"alternateName\":\"EMSGE\",\"url\":\"https:\/\/emsge.ch\/\",\"logo\":{\"@type\":\"ImageObject\",\"inLanguage\":\"en-GB\",\"@id\":\"https:\/\/emsge.ch\/#\/schema\/logo\/image\/\",\"url\":\"https:\/\/emsge.ch\/wp-content\/uploads\/2023\/02\/EMSG-Logo-V2.svg\",\"contentUrl\":\"https:\/\/emsge.ch\/wp-content\/uploads\/2023\/02\/EMSG-Logo-V2.svg\",\"width\":250,\"height\":161,\"caption\":\"EMSGE - \u00c9cole de Musique Suzuki\"},\"image\":{\"@id\":\"https:\/\/emsge.ch\/#\/schema\/logo\/image\/\"},\"sameAs\":[\"https:\/\/www.facebook.com\/emsge17\/\"]}]}<\/script>\n<!-- \/ Yoast SEO plugin. -->","yoast_head_json":{"title":"Violoncelle - EMSGE","robots":{"index":"index","follow":"follow","max-snippet":"max-snippet:-1","max-image-preview":"max-image-preview:large","max-video-preview":"max-video-preview:-1"},"canonical":"https:\/\/emsge.ch\/en\/violoncelle\/","og_locale":"en_GB","og_type":"article","og_title":"Violoncelle - EMSGE","og_description":"Professeur de Mario CASTA\u00d1EDA Mario Casta\u00f1eda arrive en Suisse en 2001, apr\u00e8s avoir brillamment r\u00e9ussi sa licence en musique \u00e0 la UDLA-P (Universidad de las Americas, Puebla, Mexique). Il entre \u00e0 l&rsquo;Acad\u00e9mie Tibor Varga de Sion, dans la classe de Marcio Carneiro et Susan Rybicki-Varga. Il y obtient son Dipl\u00f4me d&rsquo;enseignement en 2007. Il entame [&hellip;]","og_url":"https:\/\/emsge.ch\/en\/violoncelle\/","og_site_name":"EMSGE","article_publisher":"https:\/\/www.facebook.com\/emsge17\/","article_modified_time":"2023-02-13T14:23:58+00:00","og_image":[{"url":"https:\/\/emsge.ch\/wp-content\/uploads\/2023\/02\/professeur-de-violoncelle.svg","type":"","width":"","height":""}],"twitter_card":"summary_large_image","twitter_misc":{"Estimated reading time":"2 minutes"},"schema":{"@context":"https:\/\/schema.org","@graph":[{"@type":"WebPage","@id":"https:\/\/emsge.ch\/violoncelle\/","url":"https:\/\/emsge.ch\/violoncelle\/","name":"Violoncelle - EMSGE","isPartOf":{"@id":"https:\/\/emsge.ch\/#website"},"primaryImageOfPage":{"@id":"https:\/\/emsge.ch\/violoncelle\/#primaryimage"},"image":{"@id":"https:\/\/emsge.ch\/violoncelle\/#primaryimage"},"thumbnailUrl":"https:\/\/emsge.ch\/wp-content\/uploads\/2023\/02\/professeur-de-violoncelle.svg","datePublished":"2023-01-26T16:21:36+00:00","dateModified":"2023-02-13T14:23:58+00:00","breadcrumb":{"@id":"https:\/\/emsge.ch\/violoncelle\/#breadcrumb"},"inLanguage":"en-GB","potentialAction":[{"@type":"ReadAction","target":["https:\/\/emsge.ch\/violoncelle\/"]}]},{"@type":"ImageObject","inLanguage":"en-GB","@id":"https:\/\/emsge.ch\/violoncelle\/#primaryimage","url":"https:\/\/emsge.ch\/wp-content\/uploads\/2023\/02\/professeur-de-violoncelle.svg","contentUrl":"https:\/\/emsge.ch\/wp-content\/uploads\/2023\/02\/professeur-de-violoncelle.svg"},{"@type":"BreadcrumbList","@id":"https:\/\/emsge.ch\/violoncelle\/#breadcrumb","itemListElement":[{"@type":"ListItem","position":1,"name":"Accueil","item":"https:\/\/emsge.ch\/"},{"@type":"ListItem","position":2,"name":"Violoncelle"}]},{"@type":"WebSite","@id":"https:\/\/emsge.ch\/#website","url":"https:\/\/emsge.ch\/","name":"EMSGE - \u00c9cole de Musique Suzuki","description":"\u00c9cole de musique Suzuki Gen\u00e8ve","publisher":{"@id":"https:\/\/emsge.ch\/#organization"},"alternateName":"EMSGE","potentialAction":[{"@type":"SearchAction","target":{"@type":"EntryPoint","urlTemplate":"https:\/\/emsge.ch\/?s={search_term_string}"},"query-input":{"@type":"PropertyValueSpecification","valueRequired":true,"valueName":"search_term_string"}}],"inLanguage":"en-GB"},{"@type":"Organization","@id":"https:\/\/emsge.ch\/#organization","name":"EMSGE - \u00c9cole de Musique Suzuki","alternateName":"EMSGE","url":"https:\/\/emsge.ch\/","logo":{"@type":"ImageObject","inLanguage":"en-GB","@id":"https:\/\/emsge.ch\/#\/schema\/logo\/image\/","url":"https:\/\/emsge.ch\/wp-content\/uploads\/2023\/02\/EMSG-Logo-V2.svg","contentUrl":"https:\/\/emsge.ch\/wp-content\/uploads\/2023\/02\/EMSG-Logo-V2.svg","width":250,"height":161,"caption":"EMSGE - \u00c9cole de Musique Suzuki"},"image":{"@id":"https:\/\/emsge.ch\/#\/schema\/logo\/image\/"},"sameAs":["https:\/\/www.facebook.com\/emsge17\/"]}]}},"_links":{"self":[{"href":"https:\/\/emsge.ch\/en\/wp-json\/wp\/v2\/pages\/29105","targetHints":{"allow":["GET"]}}],"collection":[{"href":"https:\/\/emsge.ch\/en\/wp-json\/wp\/v2\/pages"}],"about":[{"href":"https:\/\/emsge.ch\/en\/wp-json\/wp\/v2\/types\/page"}],"author":[{"embeddable":true,"href":"https:\/\/emsge.ch\/en\/wp-json\/wp\/v2\/users\/1"}],"replies":[{"embeddable":true,"href":"https:\/\/emsge.ch\/en\/wp-json\/wp\/v2\/comments?post=29105"}],"version-history":[{"count":40,"href":"https:\/\/emsge.ch\/en\/wp-json\/wp\/v2\/pages\/29105\/revisions"}],"predecessor-version":[{"id":29993,"href":"https:\/\/emsge.ch\/en\/wp-json\/wp\/v2\/pages\/29105\/revisions\/29993"}],"wp:attachment":[{"href":"https:\/\/emsge.ch\/en\/wp-json\/wp\/v2\/media?parent=29105"}],"curies":[{"name":"wp","href":"https:\/\/api.w.org\/{rel}","templated":true}]}}