{"id":29288,"date":"2023-02-01T15:06:20","date_gmt":"2023-02-01T14:06:20","guid":{"rendered":"https:\/\/emsge.ch\/?page_id=29288"},"modified":"2026-01-16T18:02:30","modified_gmt":"2026-01-16T17:02:30","slug":"contact","status":"publish","type":"page","link":"https:\/\/emsge.ch\/en\/contact\/","title":{"rendered":"Contact"},"content":{"rendered":"<div data-elementor-type=\"wp-post\" data-elementor-id=\"29288\" class=\"elementor elementor-29288\" data-elementor-post-type=\"page\">\n\t\t\t\t\t\t<section class=\"elementor-section elementor-top-section elementor-element elementor-element-e09b028 elementor-section-boxed elementor-section-height-default elementor-section-height-default\" data-id=\"e09b028\" data-element_type=\"section\">\n\t\t\t\t\t\t<div class=\"elementor-container elementor-column-gap-no\">\n\t\t\t\t\t<div class=\"elementor-column elementor-col-100 elementor-top-column elementor-element elementor-element-a8ea625\" data-id=\"a8ea625\" data-element_type=\"column\">\n\t\t\t<div class=\"elementor-widget-wrap elementor-element-populated\">\n\t\t\t\t\t\t<div class=\"elementor-element elementor-element-c997bee elementor-widget elementor-widget-google_maps\" data-id=\"c997bee\" data-element_type=\"widget\" data-widget_type=\"google_maps.default\">\n\t\t\t\t<div class=\"elementor-widget-container\">\n\t\t\t\t\t\t\t<div class=\"elementor-custom-embed\">\n\t\t\t<iframe loading=\"lazy\"\n\t\t\t\t\tsrc=\"https:\/\/maps.google.com\/maps?q=Av.%20des%20Grandes-Communes%2049%2C%201213%20Onex&#038;t=m&#038;z=14&#038;output=embed&#038;iwloc=near\"\n\t\t\t\t\ttitle=\"Av. des Grandes-Communes 49, 1213 Onex\"\n\t\t\t\t\taria-label=\"Av. des Grandes-Communes 49, 1213 Onex\"\n\t\t\t><\/iframe>\n\t\t<\/div>\n\t\t\t\t\t\t<\/div>\n\t\t\t\t<\/div>\n\t\t\t\t\t<\/div>\n\t\t<\/div>\n\t\t\t\t\t<\/div>\n\t\t<\/section>\n\t\t\t\t<section class=\"elementor-section elementor-top-section elementor-element elementor-element-19bceaf elementor-section-boxed elementor-section-height-default elementor-section-height-default\" data-id=\"19bceaf\" data-element_type=\"section\" data-settings=\"{&quot;background_background&quot;:&quot;classic&quot;}\">\n\t\t\t\t\t\t<div class=\"elementor-container elementor-column-gap-no\">\n\t\t\t\t\t<div class=\"elementor-column elementor-col-33 elementor-top-column elementor-element elementor-element-e01b868\" data-id=\"e01b868\" data-element_type=\"column\" data-settings=\"{&quot;background_background&quot;:&quot;classic&quot;}\">\n\t\t\t<div class=\"elementor-widget-wrap elementor-element-populated\">\n\t\t\t\t\t\t<div class=\"elementor-element elementor-element-e1efe43 elementor-view-default elementor-widget elementor-widget-icon\" data-id=\"e1efe43\" data-element_type=\"widget\" data-widget_type=\"icon.default\">\n\t\t\t\t<div class=\"elementor-widget-container\">\n\t\t\t\t\t\t\t<div class=\"elementor-icon-wrapper\">\n\t\t\t<div class=\"elementor-icon\">\n\t\t\t<i aria-hidden=\"true\" class=\"fas fa-circle\"><\/i>\t\t\t<\/div>\n\t\t<\/div>\n\t\t\t\t\t\t<\/div>\n\t\t\t\t<\/div>\n\t\t\t\t<div class=\"elementor-element elementor-element-d22a9fa elementor-widget elementor-widget-heading\" data-id=\"d22a9fa\" data-element_type=\"widget\" data-widget_type=\"heading.default\">\n\t\t\t\t<div class=\"elementor-widget-container\">\n\t\t\t\t\t<h2 class=\"elementor-heading-title elementor-size-default\">LOCATION<\/h2>\t\t\t\t<\/div>\n\t\t\t\t<\/div>\n\t\t\t\t<div class=\"elementor-element elementor-element-a2c492d elementor-hidden-mobile elementor-widget elementor-widget-heading\" data-id=\"a2c492d\" data-element_type=\"widget\" data-widget_type=\"heading.default\">\n\t\t\t\t<div class=\"elementor-widget-container\">\n\t\t\t\t\t<h2 class=\"elementor-heading-title elementor-size-default\"><a href=\"https:\/\/www.google.ch\/maps\/place\/Maison+de+la+Musique\/@46.1906405,6.0976838,17z\/data=!3m1!4b1!4m6!3m5!1s0x478c7b50bcbf27b9:0x958ce4171218ef38!8m2!3d46.1906405!4d6.0998725!16s%2Fg%2F11c6rrhs8j\" target=\"_blank\">La maison de la musique<br>Av. des grandes communes 49, 1213 Onex<\/a><\/h2>\t\t\t\t<\/div>\n\t\t\t\t<\/div>\n\t\t\t\t<div class=\"elementor-element elementor-element-f885c36 elementor-hidden-desktop elementor-hidden-tablet elementor-hidden-mobile_extra elementor-widget elementor-widget-heading\" data-id=\"f885c36\" data-element_type=\"widget\" data-widget_type=\"heading.default\">\n\t\t\t\t<div class=\"elementor-widget-container\">\n\t\t\t\t\t<h2 class=\"elementor-heading-title elementor-size-default\"><a href=\"https:\/\/www.google.ch\/maps\/place\/Maison+de+la+Musique\/@46.1906405,6.0976838,17z\/data=!3m1!4b1!4m6!3m5!1s0x478c7b50bcbf27b9:0x958ce4171218ef38!8m2!3d46.1906405!4d6.0998725!16s%2Fg%2F11c6rrhs8j\" target=\"_blank\">La maison de la musique<br>Av. des grandes communes 49<br>1213 Onex<\/a><\/h2>\t\t\t\t<\/div>\n\t\t\t\t<\/div>\n\t\t\t\t\t<\/div>\n\t\t<\/div>\n\t\t\t\t<div class=\"elementor-column elementor-col-33 elementor-top-column elementor-element elementor-element-3a10c53\" data-id=\"3a10c53\" data-element_type=\"column\" data-settings=\"{&quot;background_background&quot;:&quot;classic&quot;}\">\n\t\t\t<div class=\"elementor-widget-wrap elementor-element-populated\">\n\t\t\t\t\t\t<div class=\"elementor-element elementor-element-09bd468 elementor-view-default elementor-widget elementor-widget-icon\" data-id=\"09bd468\" data-element_type=\"widget\" data-widget_type=\"icon.default\">\n\t\t\t\t<div class=\"elementor-widget-container\">\n\t\t\t\t\t\t\t<div class=\"elementor-icon-wrapper\">\n\t\t\t<div class=\"elementor-icon\">\n\t\t\t<i aria-hidden=\"true\" class=\"fas fa-circle\"><\/i>\t\t\t<\/div>\n\t\t<\/div>\n\t\t\t\t\t\t<\/div>\n\t\t\t\t<\/div>\n\t\t\t\t<div class=\"elementor-element elementor-element-889b477 elementor-widget elementor-widget-heading\" data-id=\"889b477\" data-element_type=\"widget\" data-widget_type=\"heading.default\">\n\t\t\t\t<div class=\"elementor-widget-container\">\n\t\t\t\t\t<h2 class=\"elementor-heading-title elementor-size-default\">Contact<\/h2>\t\t\t\t<\/div>\n\t\t\t\t<\/div>\n\t\t\t\t<div class=\"elementor-element elementor-element-c1902a8 elementor-widget elementor-widget-heading\" data-id=\"c1902a8\" data-element_type=\"widget\" data-widget_type=\"heading.default\">\n\t\t\t\t<div class=\"elementor-widget-container\">\n\t\t\t\t\t<h2 class=\"elementor-heading-title elementor-size-default\"><a href=\"mailto:direction@emsge.ch\"> direction@emsge.ch <\/a><br>\n<a href=\"tel:0788587985\"> +41 (0)78 858 79 85 <\/a>\n<\/h2>\t\t\t\t<\/div>\n\t\t\t\t<\/div>\n\t\t\t\t\t<\/div>\n\t\t<\/div>\n\t\t\t\t<div class=\"elementor-column elementor-col-33 elementor-top-column elementor-element elementor-element-7683aa7\" data-id=\"7683aa7\" data-element_type=\"column\" data-settings=\"{&quot;background_background&quot;:&quot;classic&quot;}\">\n\t\t\t<div class=\"elementor-widget-wrap elementor-element-populated\">\n\t\t\t\t\t\t<div class=\"elementor-element elementor-element-992d7c5 elementor-view-default elementor-widget elementor-widget-icon\" data-id=\"992d7c5\" data-element_type=\"widget\" data-widget_type=\"icon.default\">\n\t\t\t\t<div class=\"elementor-widget-container\">\n\t\t\t\t\t\t\t<div class=\"elementor-icon-wrapper\">\n\t\t\t<div class=\"elementor-icon\">\n\t\t\t<i aria-hidden=\"true\" class=\"fas fa-circle\"><\/i>\t\t\t<\/div>\n\t\t<\/div>\n\t\t\t\t\t\t<\/div>\n\t\t\t\t<\/div>\n\t\t\t\t<div class=\"elementor-element elementor-element-887bbec elementor-widget elementor-widget-heading\" data-id=\"887bbec\" data-element_type=\"widget\" data-widget_type=\"heading.default\">\n\t\t\t\t<div class=\"elementor-widget-container\">\n\t\t\t\t\t<h2 class=\"elementor-heading-title elementor-size-default\">Registration<\/h2>\t\t\t\t<\/div>\n\t\t\t\t<\/div>\n\t\t\t\t<div class=\"elementor-element elementor-element-b0a0434 elementor-align-center elementor-widget elementor-widget-button\" data-id=\"b0a0434\" data-element_type=\"widget\" data-widget_type=\"button.default\">\n\t\t\t\t<div class=\"elementor-widget-container\">\n\t\t\t\t\t\t\t\t\t<div class=\"elementor-button-wrapper\">\n\t\t\t\t\t<a class=\"elementor-button elementor-button-link elementor-size-sm\" href=\"https:\/\/emsge.ch\/en\/inscription\/\">\n\t\t\t\t\t\t<span class=\"elementor-button-content-wrapper\">\n\t\t\t\t\t\t\t\t\t<span class=\"elementor-button-text\">Registration form<\/span>\n\t\t\t\t\t<\/span>\n\t\t\t\t\t<\/a>\n\t\t\t\t<\/div>\n\t\t\t\t\t\t\t\t<\/div>\n\t\t\t\t<\/div>\n\t\t\t\t\t<\/div>\n\t\t<\/div>\n\t\t\t\t\t<\/div>\n\t\t<\/section>\n\t\t\t\t<section class=\"elementor-section elementor-top-section elementor-element elementor-element-3006ce15 elementor-section-content-middle elementor-section-boxed elementor-section-height-default elementor-section-height-default\" data-id=\"3006ce15\" data-element_type=\"section\">\n\t\t\t\t\t\t<div class=\"elementor-container elementor-column-gap-no\">\n\t\t\t\t\t<div class=\"elementor-column elementor-col-50 elementor-top-column elementor-element elementor-element-637616d6\" data-id=\"637616d6\" data-element_type=\"column\" data-settings=\"{&quot;background_background&quot;:&quot;classic&quot;,&quot;background_motion_fx_motion_fx_scrolling&quot;:&quot;yes&quot;,&quot;background_motion_fx_translateY_effect&quot;:&quot;yes&quot;,&quot;background_motion_fx_translateY_speed&quot;:{&quot;unit&quot;:&quot;px&quot;,&quot;size&quot;:1,&quot;sizes&quot;:[]},&quot;background_motion_fx_translateY_affectedRange&quot;:{&quot;unit&quot;:&quot;%&quot;,&quot;size&quot;:&quot;&quot;,&quot;sizes&quot;:{&quot;start&quot;:0,&quot;end&quot;:100}},&quot;background_motion_fx_devices&quot;:[&quot;desktop&quot;,&quot;tablet&quot;,&quot;mobile_extra&quot;,&quot;mobile&quot;]}\">\n\t\t\t<div class=\"elementor-widget-wrap elementor-element-populated\">\n\t\t\t\t\t\t<div class=\"elementor-element elementor-element-55489906 elementor-widget elementor-widget-spacer\" data-id=\"55489906\" data-element_type=\"widget\" data-widget_type=\"spacer.default\">\n\t\t\t\t<div class=\"elementor-widget-container\">\n\t\t\t\t\t\t\t<div class=\"elementor-spacer\">\n\t\t\t<div class=\"elementor-spacer-inner\"><\/div>\n\t\t<\/div>\n\t\t\t\t\t\t<\/div>\n\t\t\t\t<\/div>\n\t\t\t\t\t<\/div>\n\t\t<\/div>\n\t\t\t\t<div class=\"elementor-column elementor-col-50 elementor-top-column elementor-element elementor-element-14ceb6d\" data-id=\"14ceb6d\" data-element_type=\"column\" data-settings=\"{&quot;background_background&quot;:&quot;classic&quot;}\">\n\t\t\t<div class=\"elementor-widget-wrap elementor-element-populated\">\n\t\t\t\t\t\t<section class=\"elementor-section elementor-inner-section elementor-element elementor-element-59fa1e8c elementor-section-full_width elementor-section-height-default elementor-section-height-default\" data-id=\"59fa1e8c\" data-element_type=\"section\">\n\t\t\t\t\t\t<div class=\"elementor-container elementor-column-gap-no\">\n\t\t\t\t\t<div class=\"elementor-column elementor-col-100 elementor-inner-column elementor-element elementor-element-7bdedc7f\" data-id=\"7bdedc7f\" data-element_type=\"column\">\n\t\t\t<div class=\"elementor-widget-wrap elementor-element-populated\">\n\t\t\t\t\t\t<div class=\"elementor-element elementor-element-72bdd8c2 elementor-widget elementor-widget-heading\" data-id=\"72bdd8c2\" data-element_type=\"widget\" data-widget_type=\"heading.default\">\n\t\t\t\t<div class=\"elementor-widget-container\">\n\t\t\t\t\t<h2 class=\"elementor-heading-title elementor-size-default\">Contact<\/h2>\t\t\t\t<\/div>\n\t\t\t\t<\/div>\n\t\t\t\t<div class=\"elementor-element elementor-element-c3c03f0 elementor-widget elementor-widget-heading\" data-id=\"c3c03f0\" data-element_type=\"widget\" data-widget_type=\"heading.default\">\n\t\t\t\t<div class=\"elementor-widget-container\">\n\t\t\t\t\t<h2 class=\"elementor-heading-title elementor-size-default\">Do not hesitate to contact us using the form below<\/h2>\t\t\t\t<\/div>\n\t\t\t\t<\/div>\n\t\t\t\t<div class=\"elementor-element elementor-element-47dac30b elementor-mobile-button-align-stretch elementor-button-align-stretch elementor-widget elementor-widget-form\" data-id=\"47dac30b\" data-element_type=\"widget\" data-settings=\"{&quot;button_width&quot;:&quot;33&quot;,&quot;step_next_label&quot;:&quot;Next&quot;,&quot;step_previous_label&quot;:&quot;Previous&quot;,&quot;step_type&quot;:&quot;number_text&quot;,&quot;step_icon_shape&quot;:&quot;circle&quot;}\" data-widget_type=\"form.default\">\n\t\t\t\t<div class=\"elementor-widget-container\">\n\t\t\t\t\t\t\t<form class=\"elementor-form\" method=\"post\" name=\"Formulaire de contact\" action=\"\">\n\t\t\t<input type=\"hidden\" name=\"post_id\" value=\"29288\"\/>\n\t\t\t<input type=\"hidden\" name=\"form_id\" value=\"47dac30b\"\/>\n\t\t\t<input type=\"hidden\" name=\"referer_title\" value=\"EMSGE\" \/>\n\n\t\t\t\n\t\t\t<div class=\"elementor-form-fields-wrapper elementor-labels-\">\n\t\t\t\t\t\t\t\t<div class=\"elementor-field-type-text elementor-field-group elementor-column elementor-field-group-name elementor-col-33 elementor-field-required\">\n\t\t\t\t\t\t\t\t\t\t\t\t<label for=\"form-field-name\" class=\"elementor-field-label elementor-screen-only\">\n\t\t\t\t\t\t\t\tName\t\t\t\t\t\t\t<\/label>\n\t\t\t\t\t\t\t\t\t\t\t\t\t\t<input size=\"1\" type=\"text\" name=\"form_fields[name]\" id=\"form-field-name\" class=\"elementor-field elementor-size-md  elementor-field-textual\" placeholder=\"Name\" required=\"required\">\n\t\t\t\t\t\t\t\t\t\t\t<\/div>\n\t\t\t\t\t\t\t\t<div class=\"elementor-field-type-email elementor-field-group elementor-column elementor-field-group-email elementor-col-33 elementor-field-required\">\n\t\t\t\t\t\t\t\t\t\t\t\t<label for=\"form-field-email\" class=\"elementor-field-label elementor-screen-only\">\n\t\t\t\t\t\t\t\tEmail\t\t\t\t\t\t\t<\/label>\n\t\t\t\t\t\t\t\t\t\t\t\t\t\t<input size=\"1\" type=\"email\" name=\"form_fields[email]\" id=\"form-field-email\" class=\"elementor-field elementor-size-md  elementor-field-textual\" placeholder=\"Email\" required=\"required\">\n\t\t\t\t\t\t\t\t\t\t\t<\/div>\n\t\t\t\t\t\t\t\t<div class=\"elementor-field-type-text elementor-field-group elementor-column elementor-field-group-field_600dce6 elementor-col-30\">\n\t\t\t\t\t\t\t\t\t\t\t\t<label for=\"form-field-field_600dce6\" class=\"elementor-field-label elementor-screen-only\">\n\t\t\t\t\t\t\t\tSubject\t\t\t\t\t\t\t<\/label>\n\t\t\t\t\t\t\t\t\t\t\t\t\t\t<input size=\"1\" type=\"text\" name=\"form_fields[field_600dce6]\" id=\"form-field-field_600dce6\" class=\"elementor-field elementor-size-md  elementor-field-textual\" placeholder=\"Subject\">\n\t\t\t\t\t\t\t\t\t\t\t<\/div>\n\t\t\t\t\t\t\t\t<div class=\"elementor-field-type-textarea elementor-field-group elementor-column elementor-field-group-field_a5f6e96 elementor-col-100 elementor-field-required\">\n\t\t\t\t\t\t\t\t\t\t\t\t<label for=\"form-field-field_a5f6e96\" class=\"elementor-field-label elementor-screen-only\">\n\t\t\t\t\t\t\t\tYour message\t\t\t\t\t\t\t<\/label>\n\t\t\t\t\t\t<textarea class=\"elementor-field-textual elementor-field  elementor-size-md\" name=\"form_fields[field_a5f6e96]\" id=\"form-field-field_a5f6e96\" rows=\"6\" placeholder=\"Your message\" required=\"required\"><\/textarea>\t\t\t\t<\/div>\n\t\t\t\t\t\t\t\t<div class=\"elementor-field-type-text\">\n\t\t\t\t\t<input size=\"1\" type=\"text\" name=\"form_fields[field_0a9923c]\" id=\"form-field-field_0a9923c\" class=\"elementor-field elementor-size-md\" style=\"display:none !important;\">\t\t\t\t<\/div>\n\t\t\t\t\t\t\t\t<div class=\"elementor-field-type-text\">\n\t\t\t\t\t<input size=\"1\" type=\"text\" name=\"form_fields[field_e3687db]\" id=\"form-field-field_e3687db\" class=\"elementor-field elementor-size-md\" style=\"display:none !important;\">\t\t\t\t<\/div>\n\t\t\t\t\t\t\t\t<div class=\"elementor-field-type-text\">\n\t\t\t\t\t<input size=\"1\" type=\"text\" name=\"form_fields[field_e9bc253]\" id=\"form-field-field_e9bc253\" class=\"elementor-field elementor-size-md\" style=\"display:none !important;\">\t\t\t\t<\/div>\n\t\t\t\t\t\t\t\t<div class=\"elementor-field-type-text\">\n\t\t\t\t\t<input size=\"1\" type=\"text\" name=\"form_fields[field_f1d535f]\" id=\"form-field-field_f1d535f\" class=\"elementor-field elementor-size-md\" style=\"display:none !important;\">\t\t\t\t<\/div>\n\t\t\t\t\t\t\t\t<div class=\"elementor-field-type-recaptcha_v3 elementor-field-group elementor-column elementor-field-group-field_a09ac3c elementor-col-100 recaptcha_v3-bottomleft\">\n\t\t\t\t\t<div class=\"elementor-field\" id=\"form-field-field_a09ac3c\"><div class=\"elementor-g-recaptcha\" data-sitekey=\"6LeW70wsAAAAAJ73qr-x_ZJ72yxUmMAK49JLbuZC\" data-type=\"v3\" data-action=\"Form\" data-badge=\"bottomleft\" data-size=\"invisible\"><\/div><\/div>\t\t\t\t<\/div>\n\t\t\t\t\t\t\t\t<div class=\"elementor-field-group elementor-column elementor-field-type-submit elementor-col-33 e-form__buttons\">\n\t\t\t\t\t<button class=\"elementor-button elementor-size-sm\" type=\"submit\">\n\t\t\t\t\t\t<span class=\"elementor-button-content-wrapper\">\n\t\t\t\t\t\t\t\t\t\t\t\t\t\t\t\t\t\t\t\t\t\t<span class=\"elementor-button-text\">SEND<\/span>\n\t\t\t\t\t\t\t\t\t\t\t\t\t<\/span>\n\t\t\t\t\t<\/button>\n\t\t\t\t<\/div>\n\t\t\t<\/div>\n\t\t<input type=\"hidden\" name=\"trp-form-language\" value=\"en\"\/><\/form>\n\t\t\t\t\t\t<\/div>\n\t\t\t\t<\/div>\n\t\t\t\t\t<\/div>\n\t\t<\/div>\n\t\t\t\t\t<\/div>\n\t\t<\/section>\n\t\t\t\t\t<\/div>\n\t\t<\/div>\n\t\t\t\t\t<\/div>\n\t\t<\/section>\n\t\t\t\t<\/div>","protected":false},"excerpt":{"rendered":"<p>Adresse La maison de la musiqueAv. des grandes communes 49, 1213 Onex La maison de la musiqueAv. des grandes communes 491213 Onex Contact direction@emsge.ch +41 (0)78 858 79 85 Inscription Formulaire d&rsquo;inscription Contact N&rsquo;h\u00e9sitez pas \u00e0 nous contacter \u00e0 l&rsquo;aide du formulaire ci-dessous<\/p>","protected":false},"author":1,"featured_media":0,"parent":0,"menu_order":0,"comment_status":"closed","ping_status":"closed","template":"elementor_header_footer","meta":{"footnotes":""},"class_list":["post-29288","page","type-page","status-publish","hentry"],"yoast_head":"<!-- This site is optimized with the Yoast SEO plugin v24.3 - https:\/\/yoast.com\/wordpress\/plugins\/seo\/ -->\n<title>Contact - EMSGE<\/title>\n<meta name=\"robots\" content=\"index, follow, max-snippet:-1, max-image-preview:large, max-video-preview:-1\" \/>\n<link rel=\"canonical\" href=\"https:\/\/emsge.ch\/en\/contact\/\" \/>\n<meta property=\"og:locale\" content=\"en_GB\" \/>\n<meta property=\"og:type\" content=\"article\" \/>\n<meta property=\"og:title\" content=\"Contact - EMSGE\" \/>\n<meta property=\"og:description\" content=\"Adresse La maison de la musiqueAv. des grandes communes 49, 1213 Onex La maison de la musiqueAv. des grandes communes 491213 Onex Contact direction@emsge.ch +41 (0)78 858 79 85 Inscription Formulaire d&rsquo;inscription Contact N&rsquo;h\u00e9sitez pas \u00e0 nous contacter \u00e0 l&rsquo;aide du formulaire ci-dessous\" \/>\n<meta property=\"og:url\" content=\"https:\/\/emsge.ch\/en\/contact\/\" \/>\n<meta property=\"og:site_name\" content=\"EMSGE\" \/>\n<meta property=\"article:publisher\" content=\"https:\/\/www.facebook.com\/emsge17\/\" \/>\n<meta property=\"article:modified_time\" content=\"2026-01-16T17:02:30+00:00\" \/>\n<meta name=\"twitter:card\" content=\"summary_large_image\" \/>\n<meta name=\"twitter:label1\" content=\"Estimated reading time\" \/>\n\t<meta name=\"twitter:data1\" content=\"1 minute\" \/>\n<script type=\"application\/ld+json\" class=\"yoast-schema-graph\">{\"@context\":\"https:\/\/schema.org\",\"@graph\":[{\"@type\":\"WebPage\",\"@id\":\"https:\/\/emsge.ch\/contact\/\",\"url\":\"https:\/\/emsge.ch\/contact\/\",\"name\":\"Contact - EMSGE\",\"isPartOf\":{\"@id\":\"https:\/\/emsge.ch\/#website\"},\"datePublished\":\"2023-02-01T14:06:20+00:00\",\"dateModified\":\"2026-01-16T17:02:30+00:00\",\"breadcrumb\":{\"@id\":\"https:\/\/emsge.ch\/contact\/#breadcrumb\"},\"inLanguage\":\"en-GB\",\"potentialAction\":[{\"@type\":\"ReadAction\",\"target\":[\"https:\/\/emsge.ch\/contact\/\"]}]},{\"@type\":\"BreadcrumbList\",\"@id\":\"https:\/\/emsge.ch\/contact\/#breadcrumb\",\"itemListElement\":[{\"@type\":\"ListItem\",\"position\":1,\"name\":\"Accueil\",\"item\":\"https:\/\/emsge.ch\/\"},{\"@type\":\"ListItem\",\"position\":2,\"name\":\"Contact\"}]},{\"@type\":\"WebSite\",\"@id\":\"https:\/\/emsge.ch\/#website\",\"url\":\"https:\/\/emsge.ch\/\",\"name\":\"EMSGE - \u00c9cole de Musique Suzuki\",\"description\":\"\u00c9cole de musique Suzuki Gen\u00e8ve\",\"publisher\":{\"@id\":\"https:\/\/emsge.ch\/#organization\"},\"alternateName\":\"EMSGE\",\"potentialAction\":[{\"@type\":\"SearchAction\",\"target\":{\"@type\":\"EntryPoint\",\"urlTemplate\":\"https:\/\/emsge.ch\/?s={search_term_string}\"},\"query-input\":{\"@type\":\"PropertyValueSpecification\",\"valueRequired\":true,\"valueName\":\"search_term_string\"}}],\"inLanguage\":\"en-GB\"},{\"@type\":\"Organization\",\"@id\":\"https:\/\/emsge.ch\/#organization\",\"name\":\"EMSGE - \u00c9cole de Musique Suzuki\",\"alternateName\":\"EMSGE\",\"url\":\"https:\/\/emsge.ch\/\",\"logo\":{\"@type\":\"ImageObject\",\"inLanguage\":\"en-GB\",\"@id\":\"https:\/\/emsge.ch\/#\/schema\/logo\/image\/\",\"url\":\"https:\/\/emsge.ch\/wp-content\/uploads\/2023\/02\/EMSG-Logo-V2.svg\",\"contentUrl\":\"https:\/\/emsge.ch\/wp-content\/uploads\/2023\/02\/EMSG-Logo-V2.svg\",\"width\":250,\"height\":161,\"caption\":\"EMSGE - \u00c9cole de Musique Suzuki\"},\"image\":{\"@id\":\"https:\/\/emsge.ch\/#\/schema\/logo\/image\/\"},\"sameAs\":[\"https:\/\/www.facebook.com\/emsge17\/\"]}]}<\/script>\n<!-- \/ Yoast SEO plugin. -->","yoast_head_json":{"title":"Contact - EMSGE","robots":{"index":"index","follow":"follow","max-snippet":"max-snippet:-1","max-image-preview":"max-image-preview:large","max-video-preview":"max-video-preview:-1"},"canonical":"https:\/\/emsge.ch\/en\/contact\/","og_locale":"en_GB","og_type":"article","og_title":"Contact - EMSGE","og_description":"Adresse La maison de la musiqueAv. des grandes communes 49, 1213 Onex La maison de la musiqueAv. des grandes communes 491213 Onex Contact direction@emsge.ch +41 (0)78 858 79 85 Inscription Formulaire d&rsquo;inscription Contact N&rsquo;h\u00e9sitez pas \u00e0 nous contacter \u00e0 l&rsquo;aide du formulaire ci-dessous","og_url":"https:\/\/emsge.ch\/en\/contact\/","og_site_name":"EMSGE","article_publisher":"https:\/\/www.facebook.com\/emsge17\/","article_modified_time":"2026-01-16T17:02:30+00:00","twitter_card":"summary_large_image","twitter_misc":{"Estimated reading time":"1 minute"},"schema":{"@context":"https:\/\/schema.org","@graph":[{"@type":"WebPage","@id":"https:\/\/emsge.ch\/contact\/","url":"https:\/\/emsge.ch\/contact\/","name":"Contact - EMSGE","isPartOf":{"@id":"https:\/\/emsge.ch\/#website"},"datePublished":"2023-02-01T14:06:20+00:00","dateModified":"2026-01-16T17:02:30+00:00","breadcrumb":{"@id":"https:\/\/emsge.ch\/contact\/#breadcrumb"},"inLanguage":"en-GB","potentialAction":[{"@type":"ReadAction","target":["https:\/\/emsge.ch\/contact\/"]}]},{"@type":"BreadcrumbList","@id":"https:\/\/emsge.ch\/contact\/#breadcrumb","itemListElement":[{"@type":"ListItem","position":1,"name":"Accueil","item":"https:\/\/emsge.ch\/"},{"@type":"ListItem","position":2,"name":"Contact"}]},{"@type":"WebSite","@id":"https:\/\/emsge.ch\/#website","url":"https:\/\/emsge.ch\/","name":"EMSGE - \u00c9cole de Musique Suzuki","description":"\u00c9cole de musique Suzuki Gen\u00e8ve","publisher":{"@id":"https:\/\/emsge.ch\/#organization"},"alternateName":"EMSGE","potentialAction":[{"@type":"SearchAction","target":{"@type":"EntryPoint","urlTemplate":"https:\/\/emsge.ch\/?s={search_term_string}"},"query-input":{"@type":"PropertyValueSpecification","valueRequired":true,"valueName":"search_term_string"}}],"inLanguage":"en-GB"},{"@type":"Organization","@id":"https:\/\/emsge.ch\/#organization","name":"EMSGE - \u00c9cole de Musique Suzuki","alternateName":"EMSGE","url":"https:\/\/emsge.ch\/","logo":{"@type":"ImageObject","inLanguage":"en-GB","@id":"https:\/\/emsge.ch\/#\/schema\/logo\/image\/","url":"https:\/\/emsge.ch\/wp-content\/uploads\/2023\/02\/EMSG-Logo-V2.svg","contentUrl":"https:\/\/emsge.ch\/wp-content\/uploads\/2023\/02\/EMSG-Logo-V2.svg","width":250,"height":161,"caption":"EMSGE - \u00c9cole de Musique Suzuki"},"image":{"@id":"https:\/\/emsge.ch\/#\/schema\/logo\/image\/"},"sameAs":["https:\/\/www.facebook.com\/emsge17\/"]}]}},"_links":{"self":[{"href":"https:\/\/emsge.ch\/en\/wp-json\/wp\/v2\/pages\/29288","targetHints":{"allow":["GET"]}}],"collection":[{"href":"https:\/\/emsge.ch\/en\/wp-json\/wp\/v2\/pages"}],"about":[{"href":"https:\/\/emsge.ch\/en\/wp-json\/wp\/v2\/types\/page"}],"author":[{"embeddable":true,"href":"https:\/\/emsge.ch\/en\/wp-json\/wp\/v2\/users\/1"}],"replies":[{"embeddable":true,"href":"https:\/\/emsge.ch\/en\/wp-json\/wp\/v2\/comments?post=29288"}],"version-history":[{"count":67,"href":"https:\/\/emsge.ch\/en\/wp-json\/wp\/v2\/pages\/29288\/revisions"}],"predecessor-version":[{"id":30215,"href":"https:\/\/emsge.ch\/en\/wp-json\/wp\/v2\/pages\/29288\/revisions\/30215"}],"wp:attachment":[{"href":"https:\/\/emsge.ch\/en\/wp-json\/wp\/v2\/media?parent=29288"}],"curies":[{"name":"wp","href":"https:\/\/api.w.org\/{rel}","templated":true}]}}