{"id":30220,"date":"2026-02-10T16:23:38","date_gmt":"2026-02-10T15:23:38","guid":{"rendered":"https:\/\/emsge.ch\/?page_id=30220"},"modified":"2026-02-10T16:34:53","modified_gmt":"2026-02-10T15:34:53","slug":"guitare-yse-dastugue","status":"publish","type":"page","link":"https:\/\/emsge.ch\/en\/guitare-yse-dastugue\/","title":{"rendered":"Guitare Ys\u00e9 Dastugue"},"content":{"rendered":"<div data-elementor-type=\"wp-post\" data-elementor-id=\"30220\" class=\"elementor elementor-30220\" data-elementor-post-type=\"page\">\n\t\t\t\t\t\t<section class=\"elementor-section elementor-top-section elementor-element elementor-element-18bde71 elementor-section-boxed elementor-section-height-default elementor-section-height-default\" data-id=\"18bde71\" data-element_type=\"section\" data-settings=\"{&quot;background_background&quot;:&quot;classic&quot;}\">\n\t\t\t\t\t\t<div class=\"elementor-container elementor-column-gap-no\">\n\t\t\t\t\t<div class=\"elementor-column elementor-col-50 elementor-top-column elementor-element elementor-element-39fc9d3\" data-id=\"39fc9d3\" data-element_type=\"column\" data-settings=\"{&quot;background_background&quot;:&quot;classic&quot;,&quot;background_motion_fx_motion_fx_scrolling&quot;:&quot;yes&quot;,&quot;background_motion_fx_translateY_effect&quot;:&quot;yes&quot;,&quot;background_motion_fx_translateY_speed&quot;:{&quot;unit&quot;:&quot;px&quot;,&quot;size&quot;:2,&quot;sizes&quot;:[]},&quot;background_motion_fx_translateY_affectedRange&quot;:{&quot;unit&quot;:&quot;%&quot;,&quot;size&quot;:&quot;&quot;,&quot;sizes&quot;:{&quot;start&quot;:0,&quot;end&quot;:100}},&quot;background_motion_fx_devices&quot;:[&quot;desktop&quot;,&quot;tablet&quot;,&quot;mobile_extra&quot;,&quot;mobile&quot;]}\">\n\t\t\t<div class=\"elementor-widget-wrap elementor-element-populated\">\n\t\t\t\t\t\t<div class=\"elementor-element elementor-element-2d62c81 elementor-widget elementor-widget-spacer\" data-id=\"2d62c81\" data-element_type=\"widget\" data-widget_type=\"spacer.default\">\n\t\t\t\t<div class=\"elementor-widget-container\">\n\t\t\t\t\t\t\t<div class=\"elementor-spacer\">\n\t\t\t<div class=\"elementor-spacer-inner\"><\/div>\n\t\t<\/div>\n\t\t\t\t\t\t<\/div>\n\t\t\t\t<\/div>\n\t\t\t\t\t<\/div>\n\t\t<\/div>\n\t\t\t\t<div class=\"elementor-column elementor-col-50 elementor-top-column elementor-element elementor-element-28c72e7\" data-id=\"28c72e7\" data-element_type=\"column\">\n\t\t\t<div class=\"elementor-widget-wrap elementor-element-populated\">\n\t\t\t\t\t\t<div class=\"elementor-element elementor-element-7c007cf elementor-widget elementor-widget-heading\" data-id=\"7c007cf\" data-element_type=\"widget\" data-settings=\"{&quot;_animation&quot;:&quot;none&quot;}\" data-widget_type=\"heading.default\">\n\t\t\t\t<div class=\"elementor-widget-container\">\n\t\t\t\t\t<h2 class=\"elementor-heading-title elementor-size-default\">PROFESSOR OF<\/h2>\t\t\t\t<\/div>\n\t\t\t\t<\/div>\n\t\t\t\t<div class=\"elementor-element elementor-element-2e524e5 elementor-widget elementor-widget-image\" data-id=\"2e524e5\" data-element_type=\"widget\" data-no-translation=\"\" data-widget_type=\"image.default\">\n\t\t\t\t<div class=\"elementor-widget-container\">\n\t\t\t\t\t<style>.elementor-element-2e524e5{display:none !important}<\/style>\t\t\t\t<\/div>\n\t\t\t\t<\/div>\n\t\t\t\t<div class=\"elementor-element elementor-element-6ed5a97 elementor-widget elementor-widget-image\" data-id=\"6ed5a97\" data-element_type=\"widget\" data-no-translation=\"\" data-widget_type=\"image.default\">\n\t\t\t\t<div class=\"elementor-widget-container\">\n\t\t\t\t\t\t\t\t\t\t\t\t\t\t\t<img decoding=\"async\" src=\"https:\/\/emsge.ch\/wp-content\/uploads\/2024\/04\/EMSG-guitar-EN.svg\" class=\"attachment-full size-full wp-image-30066\" alt=\"\" \/>\t\t\t\t\t\t\t\t\t\t\t\t\t\t\t<\/div>\n\t\t\t\t<\/div>\n\t\t\t\t<section class=\"elementor-section elementor-inner-section elementor-element elementor-element-dea0d20 elementor-section-boxed elementor-section-height-default elementor-section-height-default\" data-id=\"dea0d20\" data-element_type=\"section\">\n\t\t\t\t\t\t<div class=\"elementor-container elementor-column-gap-no\">\n\t\t\t\t\t<div class=\"elementor-column elementor-col-50 elementor-inner-column elementor-element elementor-element-3bdf0e8\" data-id=\"3bdf0e8\" data-element_type=\"column\">\n\t\t\t<div class=\"elementor-widget-wrap elementor-element-populated\">\n\t\t\t\t\t\t<div class=\"elementor-element elementor-element-f66f5c9 elementor-widget elementor-widget-heading\" data-id=\"f66f5c9\" data-element_type=\"widget\" data-widget_type=\"heading.default\">\n\t\t\t\t<div class=\"elementor-widget-container\">\n\t\t\t\t\t<h2 class=\"elementor-heading-title elementor-size-default\">Ys\u00e9 Dastugue<\/h2>\t\t\t\t<\/div>\n\t\t\t\t<\/div>\n\t\t\t\t<div class=\"elementor-element elementor-element-5a78a37 elementor-widget elementor-widget-heading\" data-id=\"5a78a37\" data-element_type=\"widget\" data-widget_type=\"heading.default\">\n\t\t\t\t<div class=\"elementor-widget-container\">\n\t\t\t\t\t<p class=\"elementor-heading-title elementor-size-default\">Trained at the Conservatoire of Toulouse, then under the guidance of masters Francisco Bernier in Seville and Gianpaolo Bandini in Lucca, Ys\u00e9 Dastugue obtained a master\u2019s degree in musical performance with honors. <\/p>\t\t\t\t<\/div>\n\t\t\t\t<\/div>\n\t\t\t\t\t<\/div>\n\t\t<\/div>\n\t\t\t\t<div class=\"elementor-column elementor-col-50 elementor-inner-column elementor-element elementor-element-5a05087 elementor-hidden-tablet\" data-id=\"5a05087\" data-element_type=\"column\">\n\t\t\t<div class=\"elementor-widget-wrap\">\n\t\t\t\t\t\t\t<\/div>\n\t\t<\/div>\n\t\t\t\t\t<\/div>\n\t\t<\/section>\n\t\t\t\t<section class=\"elementor-section elementor-inner-section elementor-element elementor-element-37455a6 elementor-section-boxed elementor-section-height-default elementor-section-height-default\" data-id=\"37455a6\" data-element_type=\"section\">\n\t\t\t\t\t\t<div class=\"elementor-container elementor-column-gap-default\">\n\t\t\t\t\t<div class=\"elementor-column elementor-col-50 elementor-inner-column elementor-element elementor-element-0ff446c elementor-hidden-tablet\" data-id=\"0ff446c\" data-element_type=\"column\">\n\t\t\t<div class=\"elementor-widget-wrap\">\n\t\t\t\t\t\t\t<\/div>\n\t\t<\/div>\n\t\t\t\t<div class=\"elementor-column elementor-col-50 elementor-inner-column elementor-element elementor-element-bf24e70\" data-id=\"bf24e70\" data-element_type=\"column\">\n\t\t\t<div class=\"elementor-widget-wrap elementor-element-populated\">\n\t\t\t\t\t\t<div class=\"elementor-element elementor-element-21ef39a elementor-widget elementor-widget-heading\" data-id=\"21ef39a\" data-element_type=\"widget\" data-widget_type=\"heading.default\">\n\t\t\t\t<div class=\"elementor-widget-container\">\n\t\t\t\t\t<h2 class=\"elementor-heading-title elementor-size-default\">A First Prize winner of numerous international competitions (Niccol\u00f2 Paganini in Parma, Harmonia Cordis in Romania, Mantovani in Tuscany\u2026), he regularly performs at major European festivals. \n<br><br>\nAlongside his artistic career, he has developed a strong commitment to teaching. Invited in 2025 to give masterclasses at several Italian and Romanian institutions, he also began a pedagogical master\u2019s degree the same year at the Geneva University of Music. Convinced that teaching naturally extends his path as a performer, he aspires to pass on his experience and passion to new generations of musicians.<\/h2>\t\t\t\t<\/div>\n\t\t\t\t<\/div>\n\t\t\t\t\t<\/div>\n\t\t<\/div>\n\t\t\t\t\t<\/div>\n\t\t<\/section>\n\t\t\t\t\t<\/div>\n\t\t<\/div>\n\t\t\t\t\t<\/div>\n\t\t<\/section>\n\t\t\t\t<section class=\"elementor-section elementor-top-section elementor-element elementor-element-a6a5b50 elementor-section-boxed elementor-section-height-default elementor-section-height-default\" data-id=\"a6a5b50\" data-element_type=\"section\" data-settings=\"{&quot;background_background&quot;:&quot;classic&quot;}\">\n\t\t\t\t\t\t<div class=\"elementor-container elementor-column-gap-no\">\n\t\t\t\t\t<div class=\"elementor-column elementor-col-33 elementor-top-column elementor-element elementor-element-9a84b9c\" data-id=\"9a84b9c\" data-element_type=\"column\" data-settings=\"{&quot;background_background&quot;:&quot;classic&quot;}\">\n\t\t\t<div class=\"elementor-widget-wrap elementor-element-populated\">\n\t\t\t\t\t\t<div class=\"elementor-element elementor-element-a661793 elementor-view-default elementor-widget elementor-widget-icon\" data-id=\"a661793\" data-element_type=\"widget\" data-widget_type=\"icon.default\">\n\t\t\t\t<div class=\"elementor-widget-container\">\n\t\t\t\t\t\t\t<div class=\"elementor-icon-wrapper\">\n\t\t\t<div class=\"elementor-icon\">\n\t\t\t<i aria-hidden=\"true\" class=\"fas fa-circle\"><\/i>\t\t\t<\/div>\n\t\t<\/div>\n\t\t\t\t\t\t<\/div>\n\t\t\t\t<\/div>\n\t\t\t\t<div class=\"elementor-element elementor-element-27d8323 elementor-widget elementor-widget-heading\" data-id=\"27d8323\" data-element_type=\"widget\" data-widget_type=\"heading.default\">\n\t\t\t\t<div class=\"elementor-widget-container\">\n\t\t\t\t\t<h2 class=\"elementor-heading-title elementor-size-default\">lessons<\/h2>\t\t\t\t<\/div>\n\t\t\t\t<\/div>\n\t\t\t\t<div class=\"elementor-element elementor-element-b2aa81b elementor-align-center elementor-widget elementor-widget-button\" data-id=\"b2aa81b\" data-element_type=\"widget\" data-widget_type=\"button.default\">\n\t\t\t\t<div class=\"elementor-widget-container\">\n\t\t\t\t\t\t\t\t\t<div class=\"elementor-button-wrapper\">\n\t\t\t\t\t<a class=\"elementor-button elementor-button-link elementor-size-sm\" href=\"https:\/\/emsge.ch\/en\/#les-cours\">\n\t\t\t\t\t\t<span class=\"elementor-button-content-wrapper\">\n\t\t\t\t\t\t\t\t\t<span class=\"elementor-button-text\">See more<\/span>\n\t\t\t\t\t<\/span>\n\t\t\t\t\t<\/a>\n\t\t\t\t<\/div>\n\t\t\t\t\t\t\t\t<\/div>\n\t\t\t\t<\/div>\n\t\t\t\t\t<\/div>\n\t\t<\/div>\n\t\t\t\t<div class=\"elementor-column elementor-col-33 elementor-top-column elementor-element elementor-element-d93e876\" data-id=\"d93e876\" data-element_type=\"column\" data-settings=\"{&quot;background_background&quot;:&quot;classic&quot;}\">\n\t\t\t<div class=\"elementor-widget-wrap elementor-element-populated\">\n\t\t\t\t\t\t<div class=\"elementor-element elementor-element-a218000 elementor-view-default elementor-widget elementor-widget-icon\" data-id=\"a218000\" data-element_type=\"widget\" data-widget_type=\"icon.default\">\n\t\t\t\t<div class=\"elementor-widget-container\">\n\t\t\t\t\t\t\t<div class=\"elementor-icon-wrapper\">\n\t\t\t<div class=\"elementor-icon\">\n\t\t\t<i aria-hidden=\"true\" class=\"fas fa-circle\"><\/i>\t\t\t<\/div>\n\t\t<\/div>\n\t\t\t\t\t\t<\/div>\n\t\t\t\t<\/div>\n\t\t\t\t<div class=\"elementor-element elementor-element-2482d6b elementor-widget elementor-widget-heading\" data-id=\"2482d6b\" data-element_type=\"widget\" data-widget_type=\"heading.default\">\n\t\t\t\t<div class=\"elementor-widget-container\">\n\t\t\t\t\t<h2 class=\"elementor-heading-title elementor-size-default\">Contact<\/h2>\t\t\t\t<\/div>\n\t\t\t\t<\/div>\n\t\t\t\t<div class=\"elementor-element elementor-element-24498b4 elementor-widget elementor-widget-heading\" data-id=\"24498b4\" data-element_type=\"widget\" data-widget_type=\"heading.default\">\n\t\t\t\t<div class=\"elementor-widget-container\">\n\t\t\t\t\t<h2 class=\"elementor-heading-title elementor-size-default\"><a href=\"mailto:yse@emsge.ch\"> yse@emsge.ch <\/a><br>\n<a href=\"tel: 33607706758\"> + 33 (0)6 07 70 67 58 <\/a>\n<\/h2>\t\t\t\t<\/div>\n\t\t\t\t<\/div>\n\t\t\t\t\t<\/div>\n\t\t<\/div>\n\t\t\t\t<div class=\"elementor-column elementor-col-33 elementor-top-column elementor-element elementor-element-def17bb\" data-id=\"def17bb\" data-element_type=\"column\" data-settings=\"{&quot;background_background&quot;:&quot;classic&quot;}\">\n\t\t\t<div class=\"elementor-widget-wrap elementor-element-populated\">\n\t\t\t\t\t\t<div class=\"elementor-element elementor-element-8041fef elementor-view-default elementor-widget elementor-widget-icon\" data-id=\"8041fef\" data-element_type=\"widget\" data-widget_type=\"icon.default\">\n\t\t\t\t<div class=\"elementor-widget-container\">\n\t\t\t\t\t\t\t<div class=\"elementor-icon-wrapper\">\n\t\t\t<div class=\"elementor-icon\">\n\t\t\t<i aria-hidden=\"true\" class=\"fas fa-circle\"><\/i>\t\t\t<\/div>\n\t\t<\/div>\n\t\t\t\t\t\t<\/div>\n\t\t\t\t<\/div>\n\t\t\t\t<div class=\"elementor-element elementor-element-3789ccd elementor-widget elementor-widget-heading\" data-id=\"3789ccd\" data-element_type=\"widget\" data-widget_type=\"heading.default\">\n\t\t\t\t<div class=\"elementor-widget-container\">\n\t\t\t\t\t<h2 class=\"elementor-heading-title elementor-size-default\">Registration<\/h2>\t\t\t\t<\/div>\n\t\t\t\t<\/div>\n\t\t\t\t<div class=\"elementor-element elementor-element-9526764 elementor-align-center elementor-widget elementor-widget-button\" data-id=\"9526764\" data-element_type=\"widget\" data-widget_type=\"button.default\">\n\t\t\t\t<div class=\"elementor-widget-container\">\n\t\t\t\t\t\t\t\t\t<div class=\"elementor-button-wrapper\">\n\t\t\t\t\t<a class=\"elementor-button elementor-button-link elementor-size-sm\" href=\"https:\/\/emsge.ch\/en\/inscription\/\">\n\t\t\t\t\t\t<span class=\"elementor-button-content-wrapper\">\n\t\t\t\t\t\t\t\t\t<span class=\"elementor-button-text\">Registration form<\/span>\n\t\t\t\t\t<\/span>\n\t\t\t\t\t<\/a>\n\t\t\t\t<\/div>\n\t\t\t\t\t\t\t\t<\/div>\n\t\t\t\t<\/div>\n\t\t\t\t\t<\/div>\n\t\t<\/div>\n\t\t\t\t\t<\/div>\n\t\t<\/section>\n\t\t\t\t<\/div>","protected":false},"excerpt":{"rendered":"<p>Professeur de Ys\u00e9 Dastugue Form\u00e9 au Conservatoire de Toulouse, puis aupr\u00e8s des ma\u00eetres Francisco Bernier \u00e0 S\u00e9ville et Gianpaolo Bandini \u00e0 Lucques, Ys\u00e9 Dastugue obtient un master en interpr\u00e9tation musicale avec mention d\u2019honneur. Premier Prix de nombreux concours internationaux (Niccol\u00f2 Paganini \u00e0 Parme, Harmonia Cordis en Roumanie, Mantovani en Toscane&#8230;), il se produit r\u00e9guli\u00e8rement dans [&hellip;]<\/p>","protected":false},"author":1,"featured_media":30224,"parent":0,"menu_order":0,"comment_status":"closed","ping_status":"closed","template":"elementor_header_footer","meta":{"footnotes":""},"class_list":["post-30220","page","type-page","status-publish","has-post-thumbnail","hentry"],"yoast_head":"<!-- This site is optimized with the Yoast SEO plugin v24.3 - https:\/\/yoast.com\/wordpress\/plugins\/seo\/ -->\n<title>Guitare Ys\u00e9 Dastugue - EMSGE<\/title>\n<meta name=\"description\" content=\"Guitariste form\u00e9 \u00e0 Toulouse, S\u00e9ville et Lucques, Ys\u00e9 Dastugue est laur\u00e9at de concours internationaux et se produit dans les plus grands festivals europ\u00e9ens.\" \/>\n<meta name=\"robots\" content=\"index, follow, max-snippet:-1, max-image-preview:large, max-video-preview:-1\" \/>\n<link rel=\"canonical\" href=\"https:\/\/emsge.ch\/en\/guitare-yse-dastugue\/\" \/>\n<meta property=\"og:locale\" content=\"en_GB\" \/>\n<meta property=\"og:type\" content=\"article\" \/>\n<meta property=\"og:title\" content=\"Guitare Ys\u00e9 Dastugue - EMSGE\" \/>\n<meta property=\"og:description\" content=\"Guitariste form\u00e9 \u00e0 Toulouse, S\u00e9ville et Lucques, Ys\u00e9 Dastugue est laur\u00e9at de concours internationaux et se produit dans les plus grands festivals europ\u00e9ens.\" \/>\n<meta property=\"og:url\" content=\"https:\/\/emsge.ch\/en\/guitare-yse-dastugue\/\" \/>\n<meta property=\"og:site_name\" content=\"EMSGE\" \/>\n<meta property=\"article:publisher\" content=\"https:\/\/www.facebook.com\/emsge17\/\" \/>\n<meta property=\"article:modified_time\" content=\"2026-02-10T15:34:53+00:00\" \/>\n<meta property=\"og:image\" content=\"https:\/\/emsge.ch\/wp-content\/uploads\/2026\/02\/YSE-DASTUGUE-professeur-de-guitare-emsge.webp\" \/>\n\t<meta property=\"og:image:width\" content=\"1600\" \/>\n\t<meta property=\"og:image:height\" content=\"1720\" \/>\n\t<meta property=\"og:image:type\" content=\"image\/webp\" \/>\n<meta name=\"twitter:card\" content=\"summary_large_image\" \/>\n<meta name=\"twitter:label1\" content=\"Estimated reading time\" \/>\n\t<meta name=\"twitter:data1\" content=\"2 minutes\" \/>\n<script type=\"application\/ld+json\" class=\"yoast-schema-graph\">{\"@context\":\"https:\/\/schema.org\",\"@graph\":[{\"@type\":\"WebPage\",\"@id\":\"https:\/\/emsge.ch\/guitare-yse-dastugue\/\",\"url\":\"https:\/\/emsge.ch\/guitare-yse-dastugue\/\",\"name\":\"Guitare Ys\u00e9 Dastugue - EMSGE\",\"isPartOf\":{\"@id\":\"https:\/\/emsge.ch\/#website\"},\"primaryImageOfPage\":{\"@id\":\"https:\/\/emsge.ch\/guitare-yse-dastugue\/#primaryimage\"},\"image\":{\"@id\":\"https:\/\/emsge.ch\/guitare-yse-dastugue\/#primaryimage\"},\"thumbnailUrl\":\"https:\/\/emsge.ch\/wp-content\/uploads\/2026\/02\/YSE-DASTUGUE-professeur-de-guitare-emsge.webp\",\"datePublished\":\"2026-02-10T15:23:38+00:00\",\"dateModified\":\"2026-02-10T15:34:53+00:00\",\"description\":\"Guitariste form\u00e9 \u00e0 Toulouse, S\u00e9ville et Lucques, Ys\u00e9 Dastugue est laur\u00e9at de concours internationaux et se produit dans les plus grands festivals europ\u00e9ens.\",\"breadcrumb\":{\"@id\":\"https:\/\/emsge.ch\/guitare-yse-dastugue\/#breadcrumb\"},\"inLanguage\":\"en-GB\",\"potentialAction\":[{\"@type\":\"ReadAction\",\"target\":[\"https:\/\/emsge.ch\/guitare-yse-dastugue\/\"]}]},{\"@type\":\"ImageObject\",\"inLanguage\":\"en-GB\",\"@id\":\"https:\/\/emsge.ch\/guitare-yse-dastugue\/#primaryimage\",\"url\":\"https:\/\/emsge.ch\/wp-content\/uploads\/2026\/02\/YSE-DASTUGUE-professeur-de-guitare-emsge.webp\",\"contentUrl\":\"https:\/\/emsge.ch\/wp-content\/uploads\/2026\/02\/YSE-DASTUGUE-professeur-de-guitare-emsge.webp\",\"width\":1600,\"height\":1720},{\"@type\":\"BreadcrumbList\",\"@id\":\"https:\/\/emsge.ch\/guitare-yse-dastugue\/#breadcrumb\",\"itemListElement\":[{\"@type\":\"ListItem\",\"position\":1,\"name\":\"Accueil\",\"item\":\"https:\/\/emsge.ch\/\"},{\"@type\":\"ListItem\",\"position\":2,\"name\":\"Guitare Ys\u00e9 Dastugue\"}]},{\"@type\":\"WebSite\",\"@id\":\"https:\/\/emsge.ch\/#website\",\"url\":\"https:\/\/emsge.ch\/\",\"name\":\"EMSGE - \u00c9cole de Musique Suzuki\",\"description\":\"\u00c9cole de musique Suzuki Gen\u00e8ve\",\"publisher\":{\"@id\":\"https:\/\/emsge.ch\/#organization\"},\"alternateName\":\"EMSGE\",\"potentialAction\":[{\"@type\":\"SearchAction\",\"target\":{\"@type\":\"EntryPoint\",\"urlTemplate\":\"https:\/\/emsge.ch\/?s={search_term_string}\"},\"query-input\":{\"@type\":\"PropertyValueSpecification\",\"valueRequired\":true,\"valueName\":\"search_term_string\"}}],\"inLanguage\":\"en-GB\"},{\"@type\":\"Organization\",\"@id\":\"https:\/\/emsge.ch\/#organization\",\"name\":\"EMSGE - \u00c9cole de Musique Suzuki\",\"alternateName\":\"EMSGE\",\"url\":\"https:\/\/emsge.ch\/\",\"logo\":{\"@type\":\"ImageObject\",\"inLanguage\":\"en-GB\",\"@id\":\"https:\/\/emsge.ch\/#\/schema\/logo\/image\/\",\"url\":\"https:\/\/emsge.ch\/wp-content\/uploads\/2023\/02\/EMSG-Logo-V2.svg\",\"contentUrl\":\"https:\/\/emsge.ch\/wp-content\/uploads\/2023\/02\/EMSG-Logo-V2.svg\",\"width\":250,\"height\":161,\"caption\":\"EMSGE - \u00c9cole de Musique Suzuki\"},\"image\":{\"@id\":\"https:\/\/emsge.ch\/#\/schema\/logo\/image\/\"},\"sameAs\":[\"https:\/\/www.facebook.com\/emsge17\/\"]}]}<\/script>\n<!-- \/ Yoast SEO plugin. -->","yoast_head_json":{"title":"Guitare Ys\u00e9 Dastugue - EMSGE","description":"Guitariste form\u00e9 \u00e0 Toulouse, S\u00e9ville et Lucques, Ys\u00e9 Dastugue est laur\u00e9at de concours internationaux et se produit dans les plus grands festivals europ\u00e9ens.","robots":{"index":"index","follow":"follow","max-snippet":"max-snippet:-1","max-image-preview":"max-image-preview:large","max-video-preview":"max-video-preview:-1"},"canonical":"https:\/\/emsge.ch\/en\/guitare-yse-dastugue\/","og_locale":"en_GB","og_type":"article","og_title":"Guitare Ys\u00e9 Dastugue - EMSGE","og_description":"Guitariste form\u00e9 \u00e0 Toulouse, S\u00e9ville et Lucques, Ys\u00e9 Dastugue est laur\u00e9at de concours internationaux et se produit dans les plus grands festivals europ\u00e9ens.","og_url":"https:\/\/emsge.ch\/en\/guitare-yse-dastugue\/","og_site_name":"EMSGE","article_publisher":"https:\/\/www.facebook.com\/emsge17\/","article_modified_time":"2026-02-10T15:34:53+00:00","og_image":[{"width":1600,"height":1720,"url":"https:\/\/emsge.ch\/wp-content\/uploads\/2026\/02\/YSE-DASTUGUE-professeur-de-guitare-emsge.webp","type":"image\/webp"}],"twitter_card":"summary_large_image","twitter_misc":{"Estimated reading time":"2 minutes"},"schema":{"@context":"https:\/\/schema.org","@graph":[{"@type":"WebPage","@id":"https:\/\/emsge.ch\/guitare-yse-dastugue\/","url":"https:\/\/emsge.ch\/guitare-yse-dastugue\/","name":"Guitare Ys\u00e9 Dastugue - EMSGE","isPartOf":{"@id":"https:\/\/emsge.ch\/#website"},"primaryImageOfPage":{"@id":"https:\/\/emsge.ch\/guitare-yse-dastugue\/#primaryimage"},"image":{"@id":"https:\/\/emsge.ch\/guitare-yse-dastugue\/#primaryimage"},"thumbnailUrl":"https:\/\/emsge.ch\/wp-content\/uploads\/2026\/02\/YSE-DASTUGUE-professeur-de-guitare-emsge.webp","datePublished":"2026-02-10T15:23:38+00:00","dateModified":"2026-02-10T15:34:53+00:00","description":"Guitariste form\u00e9 \u00e0 Toulouse, S\u00e9ville et Lucques, Ys\u00e9 Dastugue est laur\u00e9at de concours internationaux et se produit dans les plus grands festivals europ\u00e9ens.","breadcrumb":{"@id":"https:\/\/emsge.ch\/guitare-yse-dastugue\/#breadcrumb"},"inLanguage":"en-GB","potentialAction":[{"@type":"ReadAction","target":["https:\/\/emsge.ch\/guitare-yse-dastugue\/"]}]},{"@type":"ImageObject","inLanguage":"en-GB","@id":"https:\/\/emsge.ch\/guitare-yse-dastugue\/#primaryimage","url":"https:\/\/emsge.ch\/wp-content\/uploads\/2026\/02\/YSE-DASTUGUE-professeur-de-guitare-emsge.webp","contentUrl":"https:\/\/emsge.ch\/wp-content\/uploads\/2026\/02\/YSE-DASTUGUE-professeur-de-guitare-emsge.webp","width":1600,"height":1720},{"@type":"BreadcrumbList","@id":"https:\/\/emsge.ch\/guitare-yse-dastugue\/#breadcrumb","itemListElement":[{"@type":"ListItem","position":1,"name":"Accueil","item":"https:\/\/emsge.ch\/"},{"@type":"ListItem","position":2,"name":"Guitare Ys\u00e9 Dastugue"}]},{"@type":"WebSite","@id":"https:\/\/emsge.ch\/#website","url":"https:\/\/emsge.ch\/","name":"EMSGE - \u00c9cole de Musique Suzuki","description":"\u00c9cole de musique Suzuki Gen\u00e8ve","publisher":{"@id":"https:\/\/emsge.ch\/#organization"},"alternateName":"EMSGE","potentialAction":[{"@type":"SearchAction","target":{"@type":"EntryPoint","urlTemplate":"https:\/\/emsge.ch\/?s={search_term_string}"},"query-input":{"@type":"PropertyValueSpecification","valueRequired":true,"valueName":"search_term_string"}}],"inLanguage":"en-GB"},{"@type":"Organization","@id":"https:\/\/emsge.ch\/#organization","name":"EMSGE - \u00c9cole de Musique Suzuki","alternateName":"EMSGE","url":"https:\/\/emsge.ch\/","logo":{"@type":"ImageObject","inLanguage":"en-GB","@id":"https:\/\/emsge.ch\/#\/schema\/logo\/image\/","url":"https:\/\/emsge.ch\/wp-content\/uploads\/2023\/02\/EMSG-Logo-V2.svg","contentUrl":"https:\/\/emsge.ch\/wp-content\/uploads\/2023\/02\/EMSG-Logo-V2.svg","width":250,"height":161,"caption":"EMSGE - \u00c9cole de Musique Suzuki"},"image":{"@id":"https:\/\/emsge.ch\/#\/schema\/logo\/image\/"},"sameAs":["https:\/\/www.facebook.com\/emsge17\/"]}]}},"_links":{"self":[{"href":"https:\/\/emsge.ch\/en\/wp-json\/wp\/v2\/pages\/30220","targetHints":{"allow":["GET"]}}],"collection":[{"href":"https:\/\/emsge.ch\/en\/wp-json\/wp\/v2\/pages"}],"about":[{"href":"https:\/\/emsge.ch\/en\/wp-json\/wp\/v2\/types\/page"}],"author":[{"embeddable":true,"href":"https:\/\/emsge.ch\/en\/wp-json\/wp\/v2\/users\/1"}],"replies":[{"embeddable":true,"href":"https:\/\/emsge.ch\/en\/wp-json\/wp\/v2\/comments?post=30220"}],"version-history":[{"count":4,"href":"https:\/\/emsge.ch\/en\/wp-json\/wp\/v2\/pages\/30220\/revisions"}],"predecessor-version":[{"id":30229,"href":"https:\/\/emsge.ch\/en\/wp-json\/wp\/v2\/pages\/30220\/revisions\/30229"}],"wp:featuredmedia":[{"embeddable":true,"href":"https:\/\/emsge.ch\/en\/wp-json\/wp\/v2\/media\/30224"}],"wp:attachment":[{"href":"https:\/\/emsge.ch\/en\/wp-json\/wp\/v2\/media?parent=30220"}],"curies":[{"name":"wp","href":"https:\/\/api.w.org\/{rel}","templated":true}]}}